{"id":10649,"date":"2020-05-26T08:07:29","date_gmt":"2020-05-26T08:07:29","guid":{"rendered":"https:\/\/synovis.hu\/altalanos-fogyoanyagok\/"},"modified":"2022-06-08T11:10:32","modified_gmt":"2022-06-08T11:10:32","slug":"general-consumables","status":"publish","type":"page","link":"https:\/\/synovis.hu\/en\/general-consumables\/","title":{"rendered":"General consumables"},"content":{"rendered":"<div class=\"wpb-content-wrapper\"><p>[vc_row row_content_width=&#8221;grid&#8221; content_width=&#8221;grid&#8221; css=&#8221;.vc_custom_1590487330695{padding-top: 100px !important;padding-bottom: 50px !important;}&#8221; simple_background_color=&#8221;#ffffff&#8221;][vc_column]<div class=\"mkdf-elements-holder mkdf-one-column mkdf-responsive-mode-768\" ><div class=\"mkdf-eh-item \"  data-item-class=\"mkdf-eh-custom-178169\" data-768-1024=\"0px 15% 0px 0px\">\n\t<div class=\"mkdf-eh-item-inner\">\n\t\t<div class=\"mkdf-eh-item-content mkdf-eh-custom-178169\" >\n\t\t\t[vc_row_inner][vc_column_inner offset=&#8221;vc_col-lg-4&#8243;][vc_column_text css=&#8221;.vc_custom_1600344091916{margin-bottom: 20px !important;}&#8221;]<\/p>\n<h3 style=\"text-align: center;\"><span style=\"color: #333;\">Surgical isolation<\/span><\/h3>\n<p>[\/vc_column_text][vc_separator style=&#8221;shadow&#8221; border_width=&#8221;2&#8243;][vc_empty_space height=&#8221;30px&#8221;][vc_single_image image=&#8221;10317&#8243; img_size=&#8221;full&#8221; alignment=&#8221;center&#8221; onclick=&#8221;custom_link&#8221; img_link_target=&#8221;_blank&#8221; link=&#8221;https:\/\/synovis.hu\/wp-content\/uploads\/2020\/06\/NUREL-MEDIKAL-CATALOGUE-SON.pdf&#8221;][vc_empty_space height=&#8221;50px&#8221;][\/vc_column_inner][vc_column_inner offset=&#8221;vc_col-lg-4&#8243;][vc_column_text css=&#8221;.vc_custom_1600344104366{margin-bottom: 20px !important;}&#8221;]<\/p>\n<h3 style=\"text-align: center;\"><span style=\"color: #333;\">Turkuaz Medical Gels<\/span><\/h3>\n<p>[\/vc_column_text][vc_separator style=&#8221;shadow&#8221; border_width=&#8221;2&#8243;][vc_empty_space height=&#8221;30px&#8221;][vc_single_image image=&#8221;10634&#8243; img_size=&#8221;full&#8221; alignment=&#8221;center&#8221; onclick=&#8221;custom_link&#8221; img_link_target=&#8221;_blank&#8221; link=&#8221;https:\/\/gynotal.hu\/&#8221;][vc_column_text]<\/p>\n<ul>\n<li style=\"text-align: center;\"><a href=\"https:\/\/gynotal.hu\/\" target=\"_blank\" rel=\"noopener noreferrer\">Obstetric gel<\/a><\/li>\n<\/ul>\n<p>[\/vc_column_text][vc_empty_space height=&#8221;20px&#8221;][vc_separator style=&#8221;shadow&#8221; border_width=&#8221;2&#8243;][vc_empty_space height=&#8221;20px&#8221;][vc_single_image image=&#8221;10650&#8243; img_size=&#8221;full&#8221; alignment=&#8221;center&#8221;][vc_column_text]<\/p>\n<ul>\n<li style=\"text-align: center;\"><a href=\"https:\/\/www.turkuazsaglik.com.tr\/konix-kateter-jel.html\" target=\"_blank\" rel=\"noopener noreferrer\">KONIX kat\u00e9ter g\u00e9l<\/a><\/li>\n<li style=\"text-align: center;\"><a href=\"https:\/\/www.turkuazsaglik.com.tr\/konix-steril-tek-kullanimlik-ultrason-jeli.html\" target=\"_blank\" rel=\"noopener noreferrer\">KONIX steril ultrahang g\u00e9l<\/a><\/li>\n<li style=\"text-align: center;\"><a href=\"https:\/\/synovis.hu\/wp-content\/uploads\/2020\/06\/turkuaz-konix-kezfertotlenito-gel.pdf\" target=\"_blank\" rel=\"noopener noreferrer\">KONIX k\u00e9zfert\u0151tlen\u00edt\u0151 g\u00e9l<\/a><\/li>\n<li style=\"text-align: center;\"><a href=\"https:\/\/synovis.hu\/wp-content\/uploads\/2020\/06\/turkuaz-konix-kez-es-borfertolenito-szerek.pdf\" target=\"_blank\" rel=\"noopener noreferrer\">KONIX k\u00e9z \u00e9s b\u0151rfert\u0151tlen\u00edt\u0151 oldat<\/a><\/li>\n<\/ul>\n<p>[\/vc_column_text][vc_empty_space height=&#8221;50px&#8221;][\/vc_column_inner][vc_column_inner offset=&#8221;vc_col-lg-4&#8243;][vc_column_text css=&#8221;.vc_custom_1600344148237{margin-bottom: 20px !important;}&#8221;]<\/p>\n<h3 style=\"text-align: center;\"><span style=\"color: #333;\">Other consumables<\/span><\/h3>\n<p>[\/vc_column_text][vc_separator style=&#8221;shadow&#8221; border_width=&#8221;2&#8243;][vc_empty_space height=&#8221;30px&#8221;][vc_single_image image=&#8221;10318&#8243; img_size=&#8221;full&#8221; alignment=&#8221;center&#8221;][vc_column_text]<\/p>\n<ul>\n<li style=\"text-align: center;\"><a href=\"https:\/\/synovis.hu\/wp-content\/uploads\/2020\/06\/15738199705372.pdf\" target=\"_blank\" rel=\"noopener noreferrer\">Basic medical tools, bandages, surgical isolation<\/a><\/li>\n<\/ul>\n<p>[\/vc_column_text][vc_empty_space height=&#8221;20px&#8221;][vc_separator style=&#8221;shadow&#8221; border_width=&#8221;2&#8243;][vc_empty_space height=&#8221;20px&#8221;][vc_single_image image=&#8221;9517&#8243; img_size=&#8221;full&#8221; alignment=&#8221;center&#8221;][vc_column_text]<\/p>\n<ul>\n<li style=\"text-align: center;\"><a href=\"https:\/\/www.uromed.eu\/products\/\" target=\"_blank\" rel=\"noopener noreferrer\">Urological products<\/a><\/li>\n<\/ul>\n<p>[\/vc_column_text][vc_empty_space height=&#8221;50px&#8221;][\/vc_column_inner][\/vc_row_inner]\t\t<\/div>\n\t<\/div>\n<\/div><\/div>[\/vc_column][\/vc_row][vc_row row_content_width=&#8221;grid&#8221; simple_background_color=&#8221;#005ba8&#8243; css=&#8221;.vc_custom_1523963854926{padding-top: 32px !important;}&#8221; parallax_background_image=&#8221;9838&#8243;][vc_column]<div class=\"mkdf-call-to-action-holder  mkdf-normal-layout mkdf-content-in-grid no-proportion\">\n\t<div class=\"mkdf-cta-inner  mkdf-grid\">\n\t\t<div class=\"mkdf-cta-text-holder\">\n\t\t\t<div class=\"mkdf-cta-text\">\n<h4><span style=\"color: #ffffff; font-size: 25px; line-height: 40px;\">High quality, outstanding professional background<\/span><\/h4>\n<\/div>\n\t\t<\/div>\n\t\t<div class=\"mkdf-cta-button-holder\" >\n\t\t\t\t\t\t<div class=\"mkdf-cta-button\"><a itemprop=\"url\" href=\"https:\/\/synovis.hu\/en\/contact\/\" target=\"_self\"  class=\"mkdf-btn mkdf-btn-medium mkdf-btn-solid mkdf-btn-solid-light mkdf-btn-icon\"  >    <span class=\"mkdf-btn-text\">Contact<\/span>    <span class=\"mkdf-btn-icon-holder\">        <span class=\"mkdf-btn-icon-normal\" ><i class=\"mkdf-icon-ion-icon ion-chevron-right \" ><\/i><\/span>        <span class=\"mkdf-btn-icon-flip\" ><i class=\"mkdf-icon-ion-icon ion-chevron-right \" ><\/i><\/span>    <\/span><\/a><\/div>\n\t\t<\/div>\n\t<\/div>\n<\/div>[\/vc_column][\/vc_row]<\/p>\n<\/div>","protected":false},"excerpt":{"rendered":"<p>[vc_row row_content_width=&#8221;grid&#8221; content_width=&#8221;grid&#8221; css=&#8221;.vc_custom_1590487330695{padding-top: 100px !important;padding-bottom: 50px !important;}&#8221; simple_background_color=&#8221;#ffffff&#8221;][vc_column][\/vc_column][\/vc_row][vc_row row_content_width=&#8221;grid&#8221; simple_background_color=&#8221;#005ba8&#8243; css=&#8221;.vc_custom_1523963854926{padding-top: 32px !important;}&#8221; parallax_background_image=&#8221;9838&#8243;][vc_column][\/vc_column][\/vc_row]<\/p>\n","protected":false},"author":1,"featured_media":0,"parent":0,"menu_order":0,"comment_status":"closed","ping_status":"closed","template":"full-width.php","meta":{"footnotes":""},"class_list":["post-10649","page","type-page","status-publish","hentry"],"_links":{"self":[{"href":"https:\/\/synovis.hu\/en\/wp-json\/wp\/v2\/pages\/10649","targetHints":{"allow":["GET"]}}],"collection":[{"href":"https:\/\/synovis.hu\/en\/wp-json\/wp\/v2\/pages"}],"about":[{"href":"https:\/\/synovis.hu\/en\/wp-json\/wp\/v2\/types\/page"}],"author":[{"embeddable":true,"href":"https:\/\/synovis.hu\/en\/wp-json\/wp\/v2\/users\/1"}],"replies":[{"embeddable":true,"href":"https:\/\/synovis.hu\/en\/wp-json\/wp\/v2\/comments?post=10649"}],"version-history":[{"count":8,"href":"https:\/\/synovis.hu\/en\/wp-json\/wp\/v2\/pages\/10649\/revisions"}],"predecessor-version":[{"id":10769,"href":"https:\/\/synovis.hu\/en\/wp-json\/wp\/v2\/pages\/10649\/revisions\/10769"}],"wp:attachment":[{"href":"https:\/\/synovis.hu\/en\/wp-json\/wp\/v2\/media?parent=10649"}],"curies":[{"name":"wp","href":"https:\/\/api.w.org\/{rel}","templated":true}]}}